{"id":267,"date":"2025-12-18T15:18:27","date_gmt":"2025-12-18T15:18:27","guid":{"rendered":"https:\/\/antinea.tuhotelenecuador.com\/?page_id=267"},"modified":"2025-12-19T02:20:53","modified_gmt":"2025-12-19T02:20:53","slug":"suites-habitaciones","status":"publish","type":"page","link":"https:\/\/hotelantinea.com\/fr\/suites-habitaciones\/","title":{"rendered":"Suites &amp; Habitaciones"},"content":{"rendered":"<div data-elementor-type=\"wp-page\" data-elementor-id=\"267\" class=\"elementor elementor-267\" data-elementor-post-type=\"page\">\n\t\t\t\t<div data-particle_enable=\"false\" data-particle-mobile-disabled=\"false\" class=\"elementor-element elementor-element-15573662 e-con-full e-flex wpr-particle-no wpr-jarallax-no wpr-parallax-no wpr-sticky-section-no e-con e-parent\" data-id=\"15573662\" data-element_type=\"container\">\n\t\t\t\t<div class=\"elementor-element elementor-element-403e122c elementor-widget elementor-widget-elementskit-heading\" data-id=\"403e122c\" data-element_type=\"widget\" data-settings=\"{&quot;ekit_we_effect_on&quot;:&quot;none&quot;}\" data-widget_type=\"elementskit-heading.default\">\n\t\t\t\t\t<div class=\"ekit-wid-con\" ><div class=\"ekit-heading elementskit-section-title-wraper center   ekit_heading_tablet-   ekit_heading_mobile-\"><h2 class=\"ekit-heading--title elementskit-section-title\">SUITES<\/h2><div class=\"ekit_heading_separetor_wraper ekit_heading_elementskit-border-divider ekit-dotted\"><div class=\"elementskit-border-divider ekit-dotted\"><\/div><\/div><\/div><\/div>\t\t\t\t<\/div>\n\t\t\t\t<div class=\"elementor-element elementor-element-ed981a1 elementor-widget elementor-widget-image\" data-id=\"ed981a1\" data-element_type=\"widget\" data-settings=\"{&quot;ekit_we_effect_on&quot;:&quot;none&quot;}\" data-widget_type=\"image.default\">\n\t\t\t\t\t\t\t\t\t\t\t\t\t\t\t<img decoding=\"async\" src=\"https:\/\/hotelantinea.com\/wp-content\/uploads\/elementor\/thumbs\/ChatGPT-Image-17-dic-2025-19_04_11-e1766016452647-rgba99phlwqwx8juuaofru2q2q9o2ovj0slv3qbeyg.png\" title=\"ChatGPT Image 17 dic 2025, 19_04_11\" alt=\"ChatGPT Image 17 dic 2025, 19_04_11\" loading=\"lazy\" \/>\t\t\t\t\t\t\t\t\t\t\t\t\t\t\t<\/div>\n\t\t\t\t<\/div>\n\t\t<div data-particle_enable=\"false\" data-particle-mobile-disabled=\"false\" class=\"elementor-element elementor-element-be0f8ac e-grid e-con-boxed wpr-particle-no wpr-jarallax-no wpr-parallax-no wpr-sticky-section-no e-con e-parent\" data-id=\"be0f8ac\" data-element_type=\"container\">\n\t\t\t\t\t<div class=\"e-con-inner\">\n\t\t<div data-particle_enable=\"false\" data-particle-mobile-disabled=\"false\" class=\"elementor-element elementor-element-1c70811 e-con-full e-flex wpr-particle-no wpr-jarallax-no wpr-parallax-no wpr-sticky-section-no e-con e-child\" data-id=\"1c70811\" data-element_type=\"container\">\n\t\t\t\t<div class=\"elementor-element elementor-element-c608f80 elementor-widget__width-initial ekit-equal-height-disable elementor-widget elementor-widget-elementskit-image-box\" data-id=\"c608f80\" data-element_type=\"widget\" data-settings=\"{&quot;ekit_we_effect_on&quot;:&quot;none&quot;}\" data-widget_type=\"elementskit-image-box.default\">\n\t\t\t\t\t<div class=\"ekit-wid-con\" >\n            <div class=\"elementskit-info-image-box ekit-image-box text-center simple-card\" >\n\n                \n                <div class=\"elementskit-box-header image-box-img-center\">\n\n                    <img fetchpriority=\"high\" decoding=\"async\" width=\"768\" height=\"576\" src=\"https:\/\/hotelantinea.com\/wp-content\/uploads\/2025\/12\/Deluxe-Suite-1-768x576-1.png\" class=\"attachment-full size-full wp-image-282\" alt=\"\" srcset=\"https:\/\/hotelantinea.com\/wp-content\/uploads\/2025\/12\/Deluxe-Suite-1-768x576-1.png 768w, https:\/\/hotelantinea.com\/wp-content\/uploads\/2025\/12\/Deluxe-Suite-1-768x576-1-300x225.png 300w\" sizes=\"(max-width: 768px) 100vw, 768px\" \/>\n                <\/div>\n                \n                <div class=\"elementskit-box-body ekit-image-box-body\">\n                    <div class=\"elementskit-box-content ekit-image-box-body-inner\">\n                                                <h3 class=\"elementskit-info-box-title\">\n\n                        SUITE DELUXE\n                        \n                    <\/h3>\n                                                            <div class=\"elementskit-box-style-content\">\n                        \u00bb 1 \u2013 2 pax<\/br>\n\n\u00bb <b>Tama\u00f1o de la habitaci\u00f3n:<\/b> 34 m\u00b2<\/br>\n\n\u00bb 1 cama doble baldaquino<\/br>\n\n\u00bb Chimenea<\/br>\n\n\u00bb Jard\u00edn privado<\/br>\n\nA partir de <b>$93 <\/b><\/br>\n\nIVA Incluido<\/br><\/br>\n\n<b>Desayuno Antinea de cortes\u00eca<\/b><\/br>                    <\/div>\n                                    <\/div>\n\n                                <div class=\"elementskit-box-footer\">\n                    <div class=\"box-footer\">\n                        <div class=\"btn-wraper\">\n                                                            <a href=\"#\" class=\"elementskit-btn whitespace--normal\">\n                                    \n                                    <svg class=\"fas ekit-svg-icon icon-right-arrow2\" viewbox=\"0 0 32 32\" xmlns=\"http:\/\/www.w3.org\/2000\/svg\"><path d=\"M31.788 16.544l-5.706-5.706c-0.262-0.262-0.688-0.262-0.95 0s-0.262 0.688 0 0.95l4.581 4.581h-20.481c-0.369 0-0.669 0.3-0.662 0.656 0 0.369 0.3 0.669 0.669 0.669h20.475l-4.581 4.581c-0.262 0.262-0.262 0.688 0 0.95 0.131 0.137 0.3 0.2 0.475 0.2s0.344-0.069 0.475-0.2l5.706-5.706c0.131-0.119 0.212-0.294 0.212-0.488 0-0.188-0.081-0.363-0.212-0.488zM6.206 16.369h-5.537c-0.369 0-0.662 0.3-0.669 0.669 0 0.369 0.3 0.669 0.669 0.669h5.537c0.369 0 0.669-0.3 0.669-0.669s-0.3-0.669-0.669-0.669z\"><\/path><\/svg>\n                                    Mas detalles                                <\/a>\n                                                        <\/div>\n                    <\/div>\n                <\/div>\n                            <\/div>\n            <\/div>\n    <\/div>\t\t\t\t<\/div>\n\t\t\t\t<\/div>\n\t\t<div data-particle_enable=\"false\" data-particle-mobile-disabled=\"false\" class=\"elementor-element elementor-element-662ffe0 e-con-full e-flex wpr-particle-no wpr-jarallax-no wpr-parallax-no wpr-sticky-section-no e-con e-child\" data-id=\"662ffe0\" data-element_type=\"container\">\n\t\t\t\t<div class=\"elementor-element elementor-element-7f8e88f elementor-widget__width-initial ekit-equal-height-disable elementor-widget elementor-widget-elementskit-image-box\" data-id=\"7f8e88f\" data-element_type=\"widget\" data-settings=\"{&quot;ekit_we_effect_on&quot;:&quot;none&quot;}\" data-widget_type=\"elementskit-image-box.default\">\n\t\t\t\t\t<div class=\"ekit-wid-con\" >\n            <div class=\"elementskit-info-image-box ekit-image-box text-center simple-card\" >\n\n                \n                <div class=\"elementskit-box-header image-box-img-center\">\n\n                    <img fetchpriority=\"high\" decoding=\"async\" width=\"768\" height=\"576\" src=\"https:\/\/hotelantinea.com\/wp-content\/uploads\/2025\/12\/Deluxe-Suite-1-768x576-1.png\" class=\"attachment-full size-full wp-image-282\" alt=\"\" srcset=\"https:\/\/hotelantinea.com\/wp-content\/uploads\/2025\/12\/Deluxe-Suite-1-768x576-1.png 768w, https:\/\/hotelantinea.com\/wp-content\/uploads\/2025\/12\/Deluxe-Suite-1-768x576-1-300x225.png 300w\" sizes=\"(max-width: 768px) 100vw, 768px\" \/>\n                <\/div>\n                \n                <div class=\"elementskit-box-body ekit-image-box-body\">\n                    <div class=\"elementskit-box-content ekit-image-box-body-inner\">\n                                                <h3 class=\"elementskit-info-box-title\">\n\n                        SUITE JUNIOR\n                        \n                    <\/h3>\n                                                            <div class=\"elementskit-box-style-content\">\n                        \u00bb 1 \u2013 4 pax<\/br>\n\n\u00bb Tama\u00f1o de la habitaci\u00f3n : 40 m\u00b2x<\/br>\n\n\n\u00bb 2 camas dobles x<\/br>\n\n\n\u00bb Jard\u00edn privado o terraza x<\/br>\n\n\nA partir de <b>$83<\/b><\/br>\n\n\nIVA Incluidox<\/br>\n\n\nDesayuno Antinea de cortes\u00eca<\/br>\n                    <\/div>\n                                    <\/div>\n\n                                <div class=\"elementskit-box-footer\">\n                    <div class=\"box-footer\">\n                        <div class=\"btn-wraper\">\n                                                            <a href=\"#\" class=\"elementskit-btn whitespace--normal\">\n                                    \n                                    <svg class=\"fas ekit-svg-icon icon-right-arrow2\" viewbox=\"0 0 32 32\" xmlns=\"http:\/\/www.w3.org\/2000\/svg\"><path d=\"M31.788 16.544l-5.706-5.706c-0.262-0.262-0.688-0.262-0.95 0s-0.262 0.688 0 0.95l4.581 4.581h-20.481c-0.369 0-0.669 0.3-0.662 0.656 0 0.369 0.3 0.669 0.669 0.669h20.475l-4.581 4.581c-0.262 0.262-0.262 0.688 0 0.95 0.131 0.137 0.3 0.2 0.475 0.2s0.344-0.069 0.475-0.2l5.706-5.706c0.131-0.119 0.212-0.294 0.212-0.488 0-0.188-0.081-0.363-0.212-0.488zM6.206 16.369h-5.537c-0.369 0-0.662 0.3-0.669 0.669 0 0.369 0.3 0.669 0.669 0.669h5.537c0.369 0 0.669-0.3 0.669-0.669s-0.3-0.669-0.669-0.669z\"><\/path><\/svg>\n                                    Mas detalles                                <\/a>\n                                                        <\/div>\n                    <\/div>\n                <\/div>\n                            <\/div>\n            <\/div>\n    <\/div>\t\t\t\t<\/div>\n\t\t\t\t<\/div>\n\t\t\t\t\t<\/div>\n\t\t\t\t<\/div>\n\t\t<div data-particle_enable=\"false\" data-particle-mobile-disabled=\"false\" class=\"elementor-element elementor-element-ff087e4 e-con-full e-flex wpr-particle-no wpr-jarallax-no wpr-parallax-no wpr-sticky-section-no e-con e-parent\" data-id=\"ff087e4\" data-element_type=\"container\">\n\t\t\t\t<div class=\"elementor-element elementor-element-68df1e1 elementor-widget elementor-widget-elementskit-heading\" data-id=\"68df1e1\" data-element_type=\"widget\" data-settings=\"{&quot;ekit_we_effect_on&quot;:&quot;none&quot;}\" data-widget_type=\"elementskit-heading.default\">\n\t\t\t\t\t<div class=\"ekit-wid-con\" ><div class=\"ekit-heading elementskit-section-title-wraper center   ekit_heading_tablet-   ekit_heading_mobile-\"><h2 class=\"ekit-heading--title elementskit-section-title\">HABITACIONES<\/h2><div class=\"ekit_heading_separetor_wraper ekit_heading_elementskit-border-divider ekit-dotted\"><div class=\"elementskit-border-divider ekit-dotted\"><\/div><\/div><\/div><\/div>\t\t\t\t<\/div>\n\t\t\t\t<div class=\"elementor-element elementor-element-30165b4 elementor-widget elementor-widget-image\" data-id=\"30165b4\" data-element_type=\"widget\" data-settings=\"{&quot;ekit_we_effect_on&quot;:&quot;none&quot;}\" data-widget_type=\"image.default\">\n\t\t\t\t\t\t\t\t\t\t\t\t\t\t\t<img decoding=\"async\" src=\"https:\/\/hotelantinea.com\/wp-content\/uploads\/elementor\/thumbs\/ChatGPT-Image-17-dic-2025-19_04_11-e1766016452647-rgba99phlwqwx8juuaofru2q2q9o2ovj0slv3qbeyg.png\" title=\"ChatGPT Image 17 dic 2025, 19_04_11\" alt=\"ChatGPT Image 17 dic 2025, 19_04_11\" loading=\"lazy\" \/>\t\t\t\t\t\t\t\t\t\t\t\t\t\t\t<\/div>\n\t\t\t\t<\/div>\n\t\t<div data-particle_enable=\"false\" data-particle-mobile-disabled=\"false\" class=\"elementor-element elementor-element-036c1bd e-grid e-con-boxed wpr-particle-no wpr-jarallax-no wpr-parallax-no wpr-sticky-section-no e-con e-parent\" data-id=\"036c1bd\" data-element_type=\"container\">\n\t\t\t\t\t<div class=\"e-con-inner\">\n\t\t<div data-particle_enable=\"false\" data-particle-mobile-disabled=\"false\" class=\"elementor-element elementor-element-438bea9 e-con-full e-flex wpr-particle-no wpr-jarallax-no wpr-parallax-no wpr-sticky-section-no e-con e-child\" data-id=\"438bea9\" data-element_type=\"container\">\n\t\t\t\t<div class=\"elementor-element elementor-element-294e1ad elementor-widget__width-initial ekit-equal-height-disable elementor-widget elementor-widget-elementskit-image-box\" data-id=\"294e1ad\" data-element_type=\"widget\" data-settings=\"{&quot;ekit_we_effect_on&quot;:&quot;none&quot;}\" data-widget_type=\"elementskit-image-box.default\">\n\t\t\t\t\t<div class=\"ekit-wid-con\" >\n            <div class=\"elementskit-info-image-box ekit-image-box text-center simple-card\" >\n\n                \n                <div class=\"elementskit-box-header image-box-img-center\">\n\n                    <img fetchpriority=\"high\" decoding=\"async\" width=\"768\" height=\"576\" src=\"https:\/\/hotelantinea.com\/wp-content\/uploads\/2025\/12\/Deluxe-Suite-1-768x576-1.png\" class=\"attachment-full size-full wp-image-282\" alt=\"\" srcset=\"https:\/\/hotelantinea.com\/wp-content\/uploads\/2025\/12\/Deluxe-Suite-1-768x576-1.png 768w, https:\/\/hotelantinea.com\/wp-content\/uploads\/2025\/12\/Deluxe-Suite-1-768x576-1-300x225.png 300w\" sizes=\"(max-width: 768px) 100vw, 768px\" \/>\n                <\/div>\n                \n                <div class=\"elementskit-box-body ekit-image-box-body\">\n                    <div class=\"elementskit-box-content ekit-image-box-body-inner\">\n                                                <h3 class=\"elementskit-info-box-title\">\n\n                        HABITACI\u00d3N DOBLE EST\u00c1NDAR\n                        \n                    <\/h3>\n                                                            <div class=\"elementskit-box-style-content\">\n                        \u00bb 1-2 pax<\/br>\n\n\u00bb Tama\u00f1o de la habitaci\u00f3n: 15 m\u00b2<\/br>\n\n\u00bb 2 camas sencillas<\/br>\n\nA partir de <b>$71<\/b><\/br>\n\nIVA Incluido<\/br>\n\nDesayuno Antinea de cortes\u00eca<\/br>\n\n                    <\/div>\n                                    <\/div>\n\n                                <div class=\"elementskit-box-footer\">\n                    <div class=\"box-footer\">\n                        <div class=\"btn-wraper\">\n                                                            <a href=\"#\" class=\"elementskit-btn whitespace--normal\">\n                                    \n                                    <svg class=\"fas ekit-svg-icon icon-right-arrow2\" viewbox=\"0 0 32 32\" xmlns=\"http:\/\/www.w3.org\/2000\/svg\"><path d=\"M31.788 16.544l-5.706-5.706c-0.262-0.262-0.688-0.262-0.95 0s-0.262 0.688 0 0.95l4.581 4.581h-20.481c-0.369 0-0.669 0.3-0.662 0.656 0 0.369 0.3 0.669 0.669 0.669h20.475l-4.581 4.581c-0.262 0.262-0.262 0.688 0 0.95 0.131 0.137 0.3 0.2 0.475 0.2s0.344-0.069 0.475-0.2l5.706-5.706c0.131-0.119 0.212-0.294 0.212-0.488 0-0.188-0.081-0.363-0.212-0.488zM6.206 16.369h-5.537c-0.369 0-0.662 0.3-0.669 0.669 0 0.369 0.3 0.669 0.669 0.669h5.537c0.369 0 0.669-0.3 0.669-0.669s-0.3-0.669-0.669-0.669z\"><\/path><\/svg>\n                                    Mas detalles                                <\/a>\n                                                        <\/div>\n                    <\/div>\n                <\/div>\n                            <\/div>\n            <\/div>\n    <\/div>\t\t\t\t<\/div>\n\t\t\t\t<\/div>\n\t\t<div data-particle_enable=\"false\" data-particle-mobile-disabled=\"false\" class=\"elementor-element elementor-element-a246079 e-con-full e-flex wpr-particle-no wpr-jarallax-no wpr-parallax-no wpr-sticky-section-no e-con e-child\" data-id=\"a246079\" data-element_type=\"container\">\n\t\t\t\t<div class=\"elementor-element elementor-element-fcfa2ae elementor-widget__width-initial ekit-equal-height-disable elementor-widget elementor-widget-elementskit-image-box\" data-id=\"fcfa2ae\" data-element_type=\"widget\" data-settings=\"{&quot;ekit_we_effect_on&quot;:&quot;none&quot;}\" data-widget_type=\"elementskit-image-box.default\">\n\t\t\t\t\t<div class=\"ekit-wid-con\" >\n            <div class=\"elementskit-info-image-box ekit-image-box text-center simple-card\" >\n\n                \n                <div class=\"elementskit-box-header image-box-img-center\">\n\n                    <img fetchpriority=\"high\" decoding=\"async\" width=\"768\" height=\"576\" src=\"https:\/\/hotelantinea.com\/wp-content\/uploads\/2025\/12\/Deluxe-Suite-1-768x576-1.png\" class=\"attachment-full size-full wp-image-282\" alt=\"\" srcset=\"https:\/\/hotelantinea.com\/wp-content\/uploads\/2025\/12\/Deluxe-Suite-1-768x576-1.png 768w, https:\/\/hotelantinea.com\/wp-content\/uploads\/2025\/12\/Deluxe-Suite-1-768x576-1-300x225.png 300w\" sizes=\"(max-width: 768px) 100vw, 768px\" \/>\n                <\/div>\n                \n                <div class=\"elementskit-box-body ekit-image-box-body\">\n                    <div class=\"elementskit-box-content ekit-image-box-body-inner\">\n                                                <h3 class=\"elementskit-info-box-title\">\n\n                        HABITACI\u00d3N MATRIMONIAL EST\u00c1NDAR\n                        \n                    <\/h3>\n                                                            <div class=\"elementskit-box-style-content\">\n                         \u00bb 1-2 Pax<\/br>\n\n\u00bb Tama\u00f1o de la habitaci\u00f3n: 15 m\u00b2<\/br>\n\n\u00bb 1 cama doble<\/br>\n\n\u00bb Adorable balc\u00f3n con vista al jard\u00edn <\/br>\n\nA partir de <b>$71<\/b><\/br>\n\nIVA Incluido<\/br>\n\nDesayuno Antinea de cortes\u00eca<\/br>                    <\/div>\n                                    <\/div>\n\n                                <div class=\"elementskit-box-footer\">\n                    <div class=\"box-footer\">\n                        <div class=\"btn-wraper\">\n                                                            <a href=\"#\" class=\"elementskit-btn whitespace--normal\">\n                                    \n                                    <svg class=\"fas ekit-svg-icon icon-right-arrow2\" viewbox=\"0 0 32 32\" xmlns=\"http:\/\/www.w3.org\/2000\/svg\"><path d=\"M31.788 16.544l-5.706-5.706c-0.262-0.262-0.688-0.262-0.95 0s-0.262 0.688 0 0.95l4.581 4.581h-20.481c-0.369 0-0.669 0.3-0.662 0.656 0 0.369 0.3 0.669 0.669 0.669h20.475l-4.581 4.581c-0.262 0.262-0.262 0.688 0 0.95 0.131 0.137 0.3 0.2 0.475 0.2s0.344-0.069 0.475-0.2l5.706-5.706c0.131-0.119 0.212-0.294 0.212-0.488 0-0.188-0.081-0.363-0.212-0.488zM6.206 16.369h-5.537c-0.369 0-0.662 0.3-0.669 0.669 0 0.369 0.3 0.669 0.669 0.669h5.537c0.369 0 0.669-0.3 0.669-0.669s-0.3-0.669-0.669-0.669z\"><\/path><\/svg>\n                                    Mas detalles                                <\/a>\n                                                        <\/div>\n                    <\/div>\n                <\/div>\n                            <\/div>\n            <\/div>\n    <\/div>\t\t\t\t<\/div>\n\t\t\t\t<\/div>\n\t\t\t\t\t<\/div>\n\t\t\t\t<\/div>\n\t\t\t\t<\/div>\n\t\t\n    <div class=\"xs_social_share_widget xs_share_url after_content \t\tmain_content  wslu-style-1 wslu-share-box-shaped wslu-fill-colored wslu-none wslu-share-horizontal wslu-theme-font-no wslu-main_content\">\n\n\t\t\n        <ul>\n\t\t\t        <\/ul>\n    <\/div>","protected":false},"excerpt":{"rendered":"<p>SUITES SUITE DELUXE \u00bb 1 \u2013 2 pax \u00bb Tama\u00f1o de la habitaci\u00f3n: 34 m\u00b2 \u00bb 1 cama doble baldaquino \u00bb Chimenea \u00bb Jard\u00edn privado A partir de $93 IVA Incluido Desayuno Antinea de cortes\u00eca Mas detalles JUNIOR SUITE \u00bb 1 \u2013 4 pax \u00bb Tama\u00f1o de la habitaci\u00f3n : 40 m\u00b2x \u00bb 2 camas dobles x \u00bb Jard\u00edn privado o terraza x A partir de $83 IVA Incluidox Desayuno Antinea de cortes\u00eca Mas detalles HABITACIONES HABITACI\u00d3N DOBLE EST\u00c1NDAR \u00bb 1-2 pax \u00bb Tama\u00f1o de la habitaci\u00f3n: 15 m\u00b2 \u00bb 2 camas sencillas A partir de $71 IVA Incluido Desayuno Antinea de cortes\u00eca Mas detalles HABITACI\u00d3N MATRIMONIAL EST\u00c1NDAR \u00bb 1-2 Pax \u00bb Tama\u00f1o de la habitaci\u00f3n: 15 m\u00b2 \u00bb 1 cama doble \u00bb Adorable balc\u00f3n con vista al jard\u00edn A partir de $71 IVA Incluido Desayuno Antinea de cortes\u00eca Mas detalles<\/p>","protected":false},"author":1,"featured_media":0,"parent":0,"menu_order":0,"comment_status":"closed","ping_status":"closed","template":"","meta":{"_eb_attr":"","postBodyCss":"","postBodyMargin":[],"postBodyPadding":[],"postBodyBackground":{"backgroundType":"classic","gradient":""},"footnotes":""},"class_list":["post-267","page","type-page","status-publish","hentry"],"_links":{"self":[{"href":"https:\/\/hotelantinea.com\/fr\/wp-json\/wp\/v2\/pages\/267","targetHints":{"allow":["GET"]}}],"collection":[{"href":"https:\/\/hotelantinea.com\/fr\/wp-json\/wp\/v2\/pages"}],"about":[{"href":"https:\/\/hotelantinea.com\/fr\/wp-json\/wp\/v2\/types\/page"}],"author":[{"embeddable":true,"href":"https:\/\/hotelantinea.com\/fr\/wp-json\/wp\/v2\/users\/1"}],"replies":[{"embeddable":true,"href":"https:\/\/hotelantinea.com\/fr\/wp-json\/wp\/v2\/comments?post=267"}],"version-history":[{"count":19,"href":"https:\/\/hotelantinea.com\/fr\/wp-json\/wp\/v2\/pages\/267\/revisions"}],"predecessor-version":[{"id":300,"href":"https:\/\/hotelantinea.com\/fr\/wp-json\/wp\/v2\/pages\/267\/revisions\/300"}],"wp:attachment":[{"href":"https:\/\/hotelantinea.com\/fr\/wp-json\/wp\/v2\/media?parent=267"}],"curies":[{"name":"wp","href":"https:\/\/api.w.org\/{rel}","templated":true}]}}